{"id":906,"date":"2021-04-20T07:51:02","date_gmt":"2021-04-20T07:51:02","guid":{"rendered":"http:\/\/mondesenchantier.fr\/?page_id=906"},"modified":"2022-03-07T14:46:47","modified_gmt":"2022-03-07T14:46:47","slug":"books","status":"publish","type":"page","link":"http:\/\/mondesenchantier.fr\/?page_id=906","title":{"rendered":"Livres"},"content":{"rendered":"<div class=\"fl-builder-content fl-builder-content-906\" data-post-id=\"906\"><div class=\"fl-row fl-row-full-width fl-row-bg-photo fl-node-607e8842a8ed6\" data-node=\"607e8842a8ed6\">\n\t<div class=\"fl-row-content-wrap\">\n\t\t\t\t\t\t<div class=\"fl-row-content fl-row-fixed-width fl-node-content\">\n\t\t\n<div class=\"fl-col-group fl-node-607e8842aa865\" data-node=\"607e8842aa865\">\n\t\t\t<div class=\"fl-col fl-node-607e8842aa8fd\" data-node=\"607e8842aa8fd\">\n\t<div class=\"fl-col-content fl-node-content\">\n\t<div class=\"fl-module fl-module-uabb-heading fl-node-607e88c1a2ca0\" data-node=\"607e88c1a2ca0\">\n\t<div class=\"fl-module-content fl-node-content\">\n\t\t<div class=\"uabb-module-content uabb-heading-wrapper uabb-heading-align-left \">\n\t\n\t<h1 class=\"uabb-heading\">\n\t\t\t\t\t<span class=\"uabb-heading-text\">Mes jeux<\/span>\n\t\t\t\t<\/h1>\n\n\t\t\t<div class=\"uabb-module-content uabb-separator-parent\">\t\t\t\n\t\t\t\t\t\t\t\t<\/div>\n\t\n\t\t\t<div class=\"uabb-subheading uabb-text-editor\">\n\t\t\t<p>Voici les derniers livres publi\u00e9s.<\/p>\n<p>Vous pouvez les retrouver dans toutes les bonnes boutiques mais vous ne m'en voudrez pas si je vous sugg\u00e8re de les acqu\u00e9rir dans la boutique en ligne de mon \u00e9diteur, Les XII Singes, n'est-ce pas ?<\/p>\n\t\t<\/div>\n\t\n\t \n<\/div>\n\t<\/div>\n<\/div>\n\t<\/div>\n<\/div>\n\t<\/div>\n\t\t<\/div>\n\t<\/div>\n<\/div>\n<div class=\"fl-row fl-row-full-width fl-row-bg-none fl-node-607e8947a72ef\" data-node=\"607e8947a72ef\">\n\t<div class=\"fl-row-content-wrap\">\n\t\t\t\t\t\t<div class=\"fl-row-content fl-row-fixed-width fl-node-content\">\n\t\t\n<div class=\"fl-col-group fl-node-607e8947a9bb5 fl-col-group-custom-width\" data-node=\"607e8947a9bb5\">\n\t\t\t<div class=\"fl-col fl-node-607e8947a9c23 fl-col-small\" data-node=\"607e8947a9c23\">\n\t<div class=\"fl-col-content fl-node-content\">\n\t<div class=\"fl-module fl-module-image-icon fl-node-607e8d0eb041f\" data-node=\"607e8d0eb041f\">\n\t<div class=\"fl-module-content fl-node-content\">\n\t\t<div class=\"uabb-module-content uabb-imgicon-wrap\">\t\t\n\t\t\t\t\t<div class=\"uabb-image\n\t\t uabb-image-crop-simple\t\t\" itemscope itemtype=\"http:\/\/schema.org\/ImageObject\">\n\t\t\t<div class=\"uabb-image-content\">\n\t\t\t\t<img loading=\"lazy\" decoding=\"async\" width=\"412\" height=\"599\" class=\"uabb-photo-img wp-image-1689 size-full\" src=\"http:\/\/mondesenchantier.fr\/wp-content\/uploads\/2022\/02\/paris-couv.jpg\" alt=\"paris-couv\" itemprop=\"image\" srcset=\"http:\/\/mondesenchantier.fr\/wp-content\/uploads\/2022\/02\/paris-couv.jpg 412w, http:\/\/mondesenchantier.fr\/wp-content\/uploads\/2022\/02\/paris-couv-206x300.jpg 206w\" sizes=\"auto, (max-width: 412px) 100vw, 412px\" \/>\n\t\t\t<\/div>\n\t\t<\/div>\n\n\t\t<\/div>\t<\/div>\n<\/div>\n\t<\/div>\n<\/div>\n\t\t\t<div class=\"fl-col fl-node-607e8947a9c26 fl-col-small\" data-node=\"607e8947a9c26\">\n\t<div class=\"fl-col-content fl-node-content\">\n\t<div class=\"fl-module fl-module-uabb-heading fl-node-607e89e772bd6\" data-node=\"607e89e772bd6\">\n\t<div class=\"fl-module-content fl-node-content\">\n\t\t<div class=\"uabb-module-content uabb-heading-wrapper uabb-heading-align-left \">\n\t\n\t<h6 class=\"uabb-heading\">\n\t\t\t\t\t<span class=\"uabb-heading-text\">Nouveaut\u00e9<\/span>\n\t\t\t\t<\/h6>\n\n\t\t\t<div class=\"uabb-module-content uabb-separator-parent\">\t\t\t\n\t\t\t\t\t\t\t\t<\/div>\n\t\n\t\n\t \n<\/div>\n\t<\/div>\n<\/div>\n<div class=\"fl-module fl-module-uabb-heading fl-node-607e8a485a661\" data-node=\"607e8a485a661\">\n\t<div class=\"fl-module-content fl-node-content\">\n\t\t<div class=\"uabb-module-content uabb-heading-wrapper uabb-heading-align-left \">\n\t\n\t<h2 class=\"uabb-heading\">\n\t\t\t\t\t<span class=\"uabb-heading-text\">Paris, un suppl\u00e9ment Terra Incognita<\/span>\n\t\t\t\t<\/h2>\n\n\t\t\t<div class=\"uabb-module-content uabb-separator-parent\">\t\t\t\n\t\t\t\t\t\t\t\t<\/div>\n\t\n\t\t\t<div class=\"uabb-subheading uabb-text-editor\">\n\t\t\t<p>La principale ville du Roi-Soleil est au c\u0153ur des bouleversements du monde caus\u00e9s par la d\u00e9couverte des Pays de Nulle Part.<\/p>\n\t\t<\/div>\n\t\n\t \n<\/div>\n\t<\/div>\n<\/div>\n<div class=\"fl-module fl-module-rich-text fl-node-607e8a977dada\" data-node=\"607e8a977dada\">\n\t<div class=\"fl-module-content fl-node-content\">\n\t\t<div class=\"fl-rich-text\">\n\t<p>Le suppl\u00e9ment Paris vous offre un contexte pr\u00e9cis dans lequel inscrire les intrigues du Grand Jeu des Coteries. La ville peut faire un point d'ancrage id\u00e9al pour vos personnages.<\/p>\n<\/div>\n\t<\/div>\n<\/div>\n<div class=\"fl-module fl-module-info-list fl-node-607e8afc939b9\" data-node=\"607e8afc939b9\">\n\t<div class=\"fl-module-content fl-node-content\">\n\t\t<div class=\"uabb-module-content uabb-info-list\">\n\t<ul class=\"uabb-info-list-wrapper uabb-info-list-left\">\n\t\t<li class=\"uabb-info-list-item info-list-item-dynamic0\"><div class=\"uabb-info-list-content-wrapper uabb-info-list-left\"><div class=\"uabb-info-list-icon info-list-icon-dynamic0\"><div class=\"uabb-module-content uabb-imgicon-wrap\">\t\t\t\t<span class=\"uabb-icon-wrap\">\n\t\t\t<span class=\"uabb-icon\">\n\t\t\t\t<i class=\"fas fa-circle\"><\/i>\n\t\t\t<\/span>\n\t\t<\/span>\n\t\n\t\t<\/div><\/div><div class=\"uabb-info-list-content uabb-info-list-left info-list-content-dynamic0\"><div class=\"uabb-info-list-title\">Quatre livrets pratiques \u00e0 utiliser autour de la table<\/div ><div class=\"uabb-info-list-description uabb-text-editor info-list-description-dynamic0\"><p><\/p><\/div><\/div><\/div><div class=\"uabb-info-list-connector uabb-info-list-left\"><\/div><\/li><li class=\"uabb-info-list-item info-list-item-dynamic1\"><div class=\"uabb-info-list-content-wrapper uabb-info-list-left\"><div class=\"uabb-info-list-icon info-list-icon-dynamic1\"><div class=\"uabb-module-content uabb-imgicon-wrap\">\t\t\t\t<span class=\"uabb-icon-wrap\">\n\t\t\t<span class=\"uabb-icon\">\n\t\t\t\t<i class=\"fas fa-circle\"><\/i>\n\t\t\t<\/span>\n\t\t<\/span>\n\t\n\t\t<\/div><\/div><div class=\"uabb-info-list-content uabb-info-list-left info-list-content-dynamic1\"><div class=\"uabb-info-list-title\">Un plan (100 x 70 cm) de Paris r\u00e9pertoriant tous les lieux d\u00e9crits dans ce suppl\u00e9ment<\/div ><div class=\"uabb-info-list-description uabb-text-editor info-list-description-dynamic1\"><p><\/p><\/div><\/div><\/div><div class=\"uabb-info-list-connector uabb-info-list-left\"><\/div><\/li><li class=\"uabb-info-list-item info-list-item-dynamic2\"><div class=\"uabb-info-list-content-wrapper uabb-info-list-left\"><div class=\"uabb-info-list-icon info-list-icon-dynamic2\"><div class=\"uabb-module-content uabb-imgicon-wrap\">\t\t\t\t<span class=\"uabb-icon-wrap\">\n\t\t\t<span class=\"uabb-icon\">\n\t\t\t\t<i class=\"fas fa-circle\"><\/i>\n\t\t\t<\/span>\n\t\t<\/span>\n\t\n\t\t<\/div><\/div><div class=\"uabb-info-list-content uabb-info-list-left info-list-content-dynamic2\"><div class=\"uabb-info-list-title\">Un paravent pour le Maistre serant par ailleurs de pochette pour rassembler le tout<\/div ><div class=\"uabb-info-list-description uabb-text-editor info-list-description-dynamic2\"><p><\/p><\/div><\/div><\/div><div class=\"uabb-info-list-connector uabb-info-list-left\"><\/div><\/li>\t<\/ul>\n<\/div>\n\t<\/div>\n<\/div>\n<div class=\"fl-module fl-module-uabb-button fl-node-607eaea4984bf\" data-node=\"607eaea4984bf\">\n\t<div class=\"fl-module-content fl-node-content\">\n\t\t\n<div class=\"uabb-module-content uabb-button-wrap uabb-creative-button-wrap uabb-button-width-auto uabb-creative-button-width-auto uabb-button-left uabb-creative-button-left uabb-button-reponsive-left uabb-creative-button-reponsive-left uabb-button-has-icon uabb-creative-button-has-icon\">\n\t\t\t<a href=\"https:\/\/www.les12singes.com\/terra-incognita\/188-paris.html\" target=\"_blank\" rel=\"noopener\"class=\"uabb-button uabb-creative-button uabb-creative-default-btn   \"  role=\"button\">\n\t\t\t\t\t\t<span class=\"uabb-button-text uabb-creative-button-text\">Commander<\/span>\n\t\t\t\t\t\t\t<i class=\"uabb-button-icon uabb-creative-button-icon uabb-button-icon-after uabb-creative-button-icon-after fa ua-icon ua-icon-arrow-right2\"><\/i>\n\t\t\t\n\t\t<\/a>\n\t<\/div>\n\t<\/div>\n<\/div>\n\t<\/div>\n<\/div>\n\t<\/div>\n\t\t<\/div>\n\t<\/div>\n<\/div>\n<div class=\"fl-row fl-row-full-width fl-row-bg-color fl-node-607ead2c9d022\" data-node=\"607ead2c9d022\">\n\t<div class=\"fl-row-content-wrap\">\n\t\t\t\t\t\t<div class=\"fl-row-content fl-row-fixed-width fl-node-content\">\n\t\t\n<div class=\"fl-col-group fl-node-607ead2c9d00b\" data-node=\"607ead2c9d00b\">\n\t\t\t<div class=\"fl-col fl-node-607ead2c9d010 fl-col-small\" data-node=\"607ead2c9d010\">\n\t<div class=\"fl-col-content fl-node-content\">\n\t<div class=\"fl-module fl-module-uabb-heading fl-node-607ead2c9d012\" data-node=\"607ead2c9d012\">\n\t<div class=\"fl-module-content fl-node-content\">\n\t\t<div class=\"uabb-module-content uabb-heading-wrapper uabb-heading-align-left \">\n\t\n\t<h2 class=\"uabb-heading\">\n\t\t\t\t\t<span class=\"uabb-heading-text\">Quelques autres publications<\/span>\n\t\t\t\t<\/h2>\n\n\t\t\t<div class=\"uabb-module-content uabb-separator-parent\">\t\t\t\n\t\t\t\t\t\t\t\t<\/div>\n\t\n\t\n\t \n<\/div>\n\t<\/div>\n<\/div>\n\t<\/div>\n<\/div>\n\t\t\t<div class=\"fl-col fl-node-607ead2c9d011 fl-col-small\" data-node=\"607ead2c9d011\">\n\t<div class=\"fl-col-content fl-node-content\">\n\t<div class=\"fl-module fl-module-uabb-button fl-node-607ead2c9d014\" data-node=\"607ead2c9d014\">\n\t<div class=\"fl-module-content fl-node-content\">\n\t\t\n<div class=\"uabb-module-content uabb-button-wrap uabb-creative-button-wrap uabb-button-width-auto uabb-creative-button-width-auto uabb-button-right uabb-creative-button-right uabb-button-reponsive-center uabb-creative-button-reponsive-center uabb-button-has-icon uabb-creative-button-has-icon\">\n\t\t\t<a href=\"http:\/\/mondesenchantier.fr\/?page_id=1670\" target=\"_self\" class=\"uabb-button uabb-creative-button uabb-creative-default-btn   \"  role=\"button\">\n\t\t\t\t\t\t<span class=\"uabb-button-text uabb-creative-button-text\">Toutes mes publications<\/span>\n\t\t\t\t\t\t\t<i class=\"uabb-button-icon uabb-creative-button-icon uabb-button-icon-after uabb-creative-button-icon-after fa ua-icon ua-icon-arrow-right2\"><\/i>\n\t\t\t\n\t\t<\/a>\n\t<\/div>\n\t<\/div>\n<\/div>\n\t<\/div>\n<\/div>\n\t<\/div>\n\n<div class=\"fl-col-group fl-node-607ead2c9d00f\" data-node=\"607ead2c9d00f\">\n\t\t\t<div class=\"fl-col fl-node-607ead2c9d015 fl-col-small\" data-node=\"607ead2c9d015\">\n\t<div class=\"fl-col-content fl-node-content\">\n\t<div class=\"fl-module fl-module-image-icon fl-node-607ead2c9d018\" data-node=\"607ead2c9d018\">\n\t<div class=\"fl-module-content fl-node-content\">\n\t\t<div class=\"uabb-module-content uabb-imgicon-wrap\">\t\t\n\t\t\t\t\t<div class=\"uabb-image\n\t\t uabb-image-crop-simple\t\t\" itemscope itemtype=\"http:\/\/schema.org\/ImageObject\">\n\t\t\t<div class=\"uabb-image-content\">\n\t\t\t\t<img loading=\"lazy\" decoding=\"async\" width=\"573\" height=\"797\" class=\"uabb-photo-img wp-image-1690 size-full\" src=\"http:\/\/mondesenchantier.fr\/wp-content\/uploads\/2022\/02\/ti-livre-de-base.jpg\" alt=\"ti livre de base\" itemprop=\"image\" srcset=\"http:\/\/mondesenchantier.fr\/wp-content\/uploads\/2022\/02\/ti-livre-de-base.jpg 573w, http:\/\/mondesenchantier.fr\/wp-content\/uploads\/2022\/02\/ti-livre-de-base-216x300.jpg 216w\" sizes=\"auto, (max-width: 573px) 100vw, 573px\" \/>\n\t\t\t<\/div>\n\t\t<\/div>\n\n\t\t<\/div>\t<\/div>\n<\/div>\n<div class=\"fl-module fl-module-uabb-heading fl-node-607ead2c9d019\" data-node=\"607ead2c9d019\">\n\t<div class=\"fl-module-content fl-node-content\">\n\t\t<div class=\"uabb-module-content uabb-heading-wrapper uabb-heading-align-center \">\n\t\n\t<h4 class=\"uabb-heading\">\n\t\t\t\t\t<span class=\"uabb-heading-text\">Terra Incognita (livre de base)<\/span>\n\t\t\t\t<\/h4>\n\n\t\t\t<div class=\"uabb-module-content uabb-separator-parent\">\t\t\t\n\t\t\t\t\t\t\t\t<\/div>\n\t\n\t\n\t \n<\/div>\n\t<\/div>\n<\/div>\n<div class=\"fl-module fl-module-uabb-button fl-node-607ead2c9d01a\" data-node=\"607ead2c9d01a\">\n\t<div class=\"fl-module-content fl-node-content\">\n\t\t\n<div class=\"uabb-module-content uabb-button-wrap uabb-creative-button-wrap uabb-button-width-auto uabb-creative-button-width-auto uabb-button-center uabb-creative-button-center uabb-button-reponsive-center uabb-creative-button-reponsive-center uabb-button-has-icon uabb-creative-button-has-icon\">\n\t\t\t<a href=\"https:\/\/www.les12singes.com\/terra-incognita\/8-terra-incognita.html\" target=\"_blank\" rel=\"noopener\"class=\"uabb-button uabb-creative-button uabb-creative-default-btn   \"  role=\"button\">\n\t\t\t\t\t\t<span class=\"uabb-button-text uabb-creative-button-text\">Commander<\/span>\n\t\t\t\t\t\t\t<i class=\"uabb-button-icon uabb-creative-button-icon uabb-button-icon-after uabb-creative-button-icon-after fa ua-icon ua-icon-arrow-right2\"><\/i>\n\t\t\t\n\t\t<\/a>\n\t<\/div>\n\t<\/div>\n<\/div>\n\t<\/div>\n<\/div>\n\t\t\t<div class=\"fl-col fl-node-607ead2c9d016 fl-col-small\" data-node=\"607ead2c9d016\">\n\t<div class=\"fl-col-content fl-node-content\">\n\t<div class=\"fl-module fl-module-image-icon fl-node-607ead2c9d01b\" data-node=\"607ead2c9d01b\">\n\t<div class=\"fl-module-content fl-node-content\">\n\t\t<div class=\"uabb-module-content uabb-imgicon-wrap\">\t\t\n\t\t\t\t\t<div class=\"uabb-image\n\t\t uabb-image-crop-simple\t\t\" itemscope itemtype=\"http:\/\/schema.org\/ImageObject\">\n\t\t\t<div class=\"uabb-image-content\">\n\t\t\t\t<img loading=\"lazy\" decoding=\"async\" width=\"637\" height=\"927\" class=\"uabb-photo-img wp-image-1691 size-full\" src=\"http:\/\/mondesenchantier.fr\/wp-content\/uploads\/2022\/02\/ti-les-secrets-des-confins.jpg\" alt=\"ti les secrets des confins\" itemprop=\"image\" srcset=\"http:\/\/mondesenchantier.fr\/wp-content\/uploads\/2022\/02\/ti-les-secrets-des-confins.jpg 637w, http:\/\/mondesenchantier.fr\/wp-content\/uploads\/2022\/02\/ti-les-secrets-des-confins-206x300.jpg 206w\" sizes=\"auto, (max-width: 637px) 100vw, 637px\" \/>\n\t\t\t<\/div>\n\t\t<\/div>\n\n\t\t<\/div>\t<\/div>\n<\/div>\n<div class=\"fl-module fl-module-uabb-heading fl-node-607ead2c9d01c\" data-node=\"607ead2c9d01c\">\n\t<div class=\"fl-module-content fl-node-content\">\n\t\t<div class=\"uabb-module-content uabb-heading-wrapper uabb-heading-align-center \">\n\t\n\t<h4 class=\"uabb-heading\">\n\t\t\t\t\t<span class=\"uabb-heading-text\">Les secrets des Confins (Terra Incognita)<\/span>\n\t\t\t\t<\/h4>\n\n\t\t\t<div class=\"uabb-module-content uabb-separator-parent\">\t\t\t\n\t\t\t\t\t\t\t\t<\/div>\n\t\n\t\n\t \n<\/div>\n\t<\/div>\n<\/div>\n<div class=\"fl-module fl-module-uabb-button fl-node-607ead2c9d01d\" data-node=\"607ead2c9d01d\">\n\t<div class=\"fl-module-content fl-node-content\">\n\t\t\n<div class=\"uabb-module-content uabb-button-wrap uabb-creative-button-wrap uabb-button-width-auto uabb-creative-button-width-auto uabb-button-center uabb-creative-button-center uabb-button-reponsive-center uabb-creative-button-reponsive-center uabb-button-has-icon uabb-creative-button-has-icon\">\n\t\t\t<a href=\"https:\/\/www.les12singes.com\/terra-incognita\/104-les-secrets-des-confins.html\" target=\"_blank\" rel=\"noopener\"class=\"uabb-button uabb-creative-button uabb-creative-default-btn   \"  role=\"button\">\n\t\t\t\t\t\t<span class=\"uabb-button-text uabb-creative-button-text\">Commander<\/span>\n\t\t\t\t\t\t\t<i class=\"uabb-button-icon uabb-creative-button-icon uabb-button-icon-after uabb-creative-button-icon-after fa ua-icon ua-icon-arrow-right2\"><\/i>\n\t\t\t\n\t\t<\/a>\n\t<\/div>\n\t<\/div>\n<\/div>\n\t<\/div>\n<\/div>\n\t\t\t<div class=\"fl-col fl-node-607ead2c9d017 fl-col-small\" data-node=\"607ead2c9d017\">\n\t<div class=\"fl-col-content fl-node-content\">\n\t<div class=\"fl-module fl-module-image-icon fl-node-607ead2c9d01e\" data-node=\"607ead2c9d01e\">\n\t<div class=\"fl-module-content fl-node-content\">\n\t\t<div class=\"uabb-module-content uabb-imgicon-wrap\">\t\t\n\t\t\t\t\t<div class=\"uabb-image\n\t\t uabb-image-crop-simple\t\t\" itemscope itemtype=\"http:\/\/schema.org\/ImageObject\">\n\t\t\t<div class=\"uabb-image-content\">\n\t\t\t\t<img loading=\"lazy\" decoding=\"async\" width=\"788\" height=\"1024\" class=\"uabb-photo-img wp-image-1693 size-large\" src=\"http:\/\/mondesenchantier.fr\/wp-content\/uploads\/2022\/02\/par-monts-et-par-vaux-1-788x1024.png\" alt=\"par-monts-et-par-vaux\" itemprop=\"image\" srcset=\"http:\/\/mondesenchantier.fr\/wp-content\/uploads\/2022\/02\/par-monts-et-par-vaux-1-788x1024.png 788w, http:\/\/mondesenchantier.fr\/wp-content\/uploads\/2022\/02\/par-monts-et-par-vaux-1-231x300.png 231w, http:\/\/mondesenchantier.fr\/wp-content\/uploads\/2022\/02\/par-monts-et-par-vaux-1-768x998.png 768w, http:\/\/mondesenchantier.fr\/wp-content\/uploads\/2022\/02\/par-monts-et-par-vaux-1.png 800w\" sizes=\"auto, (max-width: 788px) 100vw, 788px\" \/>\n\t\t\t<\/div>\n\t\t<\/div>\n\n\t\t<\/div>\t<\/div>\n<\/div>\n<div class=\"fl-module fl-module-uabb-heading fl-node-607ead2c9d01f\" data-node=\"607ead2c9d01f\">\n\t<div class=\"fl-module-content fl-node-content\">\n\t\t<div class=\"uabb-module-content uabb-heading-wrapper uabb-heading-align-center \">\n\t\n\t<h4 class=\"uabb-heading\">\n\t\t\t\t\t<span class=\"uabb-heading-text\">Par monts et par vaux (collaboration \u00e0 la gamme Medium Aevum)<\/span>\n\t\t\t\t<\/h4>\n\n\t\t\t<div class=\"uabb-module-content uabb-separator-parent\">\t\t\t\n\t\t\t\t\t\t\t\t<\/div>\n\t\n\t\n\t \n<\/div>\n\t<\/div>\n<\/div>\n<div class=\"fl-module fl-module-uabb-button fl-node-607ead2c9d020\" data-node=\"607ead2c9d020\">\n\t<div class=\"fl-module-content fl-node-content\">\n\t\t\n<div class=\"uabb-module-content uabb-button-wrap uabb-creative-button-wrap uabb-button-width-auto uabb-creative-button-width-auto uabb-button-center uabb-creative-button-center uabb-button-reponsive-center uabb-creative-button-reponsive-center uabb-button-has-icon uabb-creative-button-has-icon\">\n\t\t\t<a href=\"https:\/\/www.les12singes.com\/medium-aevum\/321-par-monts-et-par-vaux.html\" target=\"_blank\" rel=\"noopener\"class=\"uabb-button uabb-creative-button uabb-creative-default-btn   \"  role=\"button\">\n\t\t\t\t\t\t<span class=\"uabb-button-text uabb-creative-button-text\">Commander<\/span>\n\t\t\t\t\t\t\t<i class=\"uabb-button-icon uabb-creative-button-icon uabb-button-icon-after uabb-creative-button-icon-after fa ua-icon ua-icon-arrow-right2\"><\/i>\n\t\t\t\n\t\t<\/a>\n\t<\/div>\n\t<\/div>\n<\/div>\n\t<\/div>\n<\/div>\n\t<\/div>\n\t\t<\/div>\n\t<\/div>\n<\/div>\n<\/div>","protected":false},"excerpt":{"rendered":"<p>Mes jeux Voici les derniers livres publi\u00e9s. Vous pouvez les retrouver dans toutes les bonnes<\/p>\n","protected":false},"author":1,"featured_media":0,"parent":0,"menu_order":0,"comment_status":"closed","ping_status":"closed","template":"","meta":{"_editorskit_title_hidden":false,"_editorskit_reading_time":0,"_editorskit_typography_data":[],"_editorskit_blocks_typography":"","_editorskit_is_block_options_detached":false,"_editorskit_block_options_position":"{}","om_disable_all_campaigns":false,"_monsterinsights_skip_tracking":false,"_monsterinsights_sitenote_active":false,"_monsterinsights_sitenote_note":"","_monsterinsights_sitenote_category":0,"footnotes":""},"class_list":["post-906","page","type-page","status-publish","hentry"],"_links":{"self":[{"href":"http:\/\/mondesenchantier.fr\/index.php?rest_route=\/wp\/v2\/pages\/906","targetHints":{"allow":["GET"]}}],"collection":[{"href":"http:\/\/mondesenchantier.fr\/index.php?rest_route=\/wp\/v2\/pages"}],"about":[{"href":"http:\/\/mondesenchantier.fr\/index.php?rest_route=\/wp\/v2\/types\/page"}],"author":[{"embeddable":true,"href":"http:\/\/mondesenchantier.fr\/index.php?rest_route=\/wp\/v2\/users\/1"}],"replies":[{"embeddable":true,"href":"http:\/\/mondesenchantier.fr\/index.php?rest_route=%2Fwp%2Fv2%2Fcomments&post=906"}],"version-history":[{"count":12,"href":"http:\/\/mondesenchantier.fr\/index.php?rest_route=\/wp\/v2\/pages\/906\/revisions"}],"predecessor-version":[{"id":1841,"href":"http:\/\/mondesenchantier.fr\/index.php?rest_route=\/wp\/v2\/pages\/906\/revisions\/1841"}],"wp:attachment":[{"href":"http:\/\/mondesenchantier.fr\/index.php?rest_route=%2Fwp%2Fv2%2Fmedia&parent=906"}],"curies":[{"name":"wp","href":"https:\/\/api.w.org\/{rel}","templated":true}]}}