{"id":903,"date":"2021-04-20T06:48:59","date_gmt":"2021-04-20T06:48:59","guid":{"rendered":"http:\/\/mondesenchantier.fr\/?page_id=903"},"modified":"2022-02-23T15:24:26","modified_gmt":"2022-02-23T15:24:26","slug":"about","status":"publish","type":"page","link":"http:\/\/mondesenchantier.fr\/?page_id=903","title":{"rendered":"Qui \u00e7a ?"},"content":{"rendered":"\n<div class=\"wp-block-blockspare-blockspare-container alignfull blockspare-da6a2443-b946-4\"><style>.blockspare-da6a2443-b946-4 .blockspare-block-container-wrapper{background-color:#fff;padding-top:20px;padding-right:0px;padding-bottom:20px;padding-left:0px;margin-top:30px;margin-bottom:30px;border-radius:null}.blockspare-da6a2443-b946-4 .blockspare-image-wrap{background-image:}<\/style><div class=\"blockspare-block-container-wrapper alignfull\"><div class=\"blockspare-container-background blockspare-image-wrap has-background-opacity-100 has-background-opacity\"><\/div><div class=\"blockspare-container\"><div class=\"blockspare-inner-blocks blockspare-inner-wrapper-blocks\">\n<div class=\"wp-block-blockspare-blockspare-section-header aligncenter blockspare-b777147d-bd97-4 blockspare-section-header-wrapper blockspare-blocks aligncenter\"><style>.blockspare-b777147d-bd97-4 .blockspare-section-head-wrap{background-color:transparent;text-align:center;padding-top:10px;padding-right:20px;padding-bottom:10px;margin-top:30px;margin-bottom:30px;padding-left:20px}.blockspare-b777147d-bd97-4 .blockspare-section-head-wrap .blockspare-title{color:#404040;font-size:32px;font-family:Default;padding-top:5px;padding-bottom:5px}.blockspare-b777147d-bd97-4 .blockspare-section-head-wrap .blockspare-subtitle{color:#6d6d6d;font-size:18px;font-family:Default;padding-top:5px;padding-bottom:5px}.blockspare-b777147d-bd97-4 .blockspare-title-dash{color:#fcb900}@media screen and (max-width:1025px){.blockspare-b777147d-bd97-4 .blockspare-section-head-wrap .blockspare-title{font-size:undefinedpx}.blockspare-b777147d-bd97-4 .blockspare-section-head-wrap .blockspare-subtitle{font-size:undefinedpx}}@media screen and (max-width:768px){.blockspare-b777147d-bd97-4 .blockspare-section-head-wrap .blockspare-title{font-size:undefinedpx}.blockspare-b777147d-bd97-4 .blockspare-section-head-wrap .blockspare-subtitle{font-size:undefinedpx}}<\/style><div class=\"blockspare-section-head-wrap blockspare-style2 blockspare-center\"><div class=\"blockspare-title-wrapper\"><span class=\"blockspare-title-dash blockspare-upper-dash\"><\/span><h2 class=\"blockspare-title\">Mais c&rsquo;est qui ce MeC ?<\/h2><span class=\"blockspare-title-dash blockspare-lower-dash\"><\/span><\/div><div class=\"blockspare-subtitle-wrapper\"><span class=\"blockspare-title-dash blockspare-upper-dash\"><\/span><p class=\"blockspare-subtitle\">Le site Mondes en Chantier est un projet de Julien Cl\u00e9ment (aka \u00ab\u00a0Narbeuh\u00a0\u00bb).<\/p><span class=\"blockspare-title-dash blockspare-lower-dash\"><\/span><\/div><\/div><\/div>\n<\/div><\/div><\/div><\/div>\n\n\n\n<p>Mondes en Chantier a pour ambition de faire le point sur mes projets pass\u00e9s et pr\u00e9sents dans le petit monde merveilleux du jeu de r\u00f4le.<\/p>\n\n\n\n<p>Je, c&rsquo;est donc moi, <strong>Julien Cl\u00e9ment<\/strong>. Je suis en particulier l&rsquo;auteur de <em>Terra Incognita <\/em>et Babel, deux jeux de r\u00f4le publi\u00e9s chez les XII Singes. Je suis aussi le r\u00e9dacteur en chef du Fix, l&rsquo;un des principaux sites d&rsquo;information sur le JdR francophone.<\/p>\n\n\n\n<p>Si vous voulez en savoir plus, il y a <a href=\"http:\/\/www.legrog.org\/biographies\/julien-clement\" target=\"_blank\" rel=\"noreferrer noopener\" title=\"ma bio sur le GROG\">ma bio sur le GROG<\/a> qui n&rsquo;est pas hyper \u00e0 jour mais fournit quand m\u00eame une bonne base.<\/p>\n\n\n\n<div class=\"wp-block-image\"><figure class=\"aligncenter size-full\"><img loading=\"lazy\" decoding=\"async\" width=\"400\" height=\"400\" src=\"http:\/\/mondesenchantier.fr\/wp-content\/uploads\/2022\/02\/narbeuh-avatar.jpg\" alt=\"\" class=\"wp-image-1707\" srcset=\"http:\/\/mondesenchantier.fr\/wp-content\/uploads\/2022\/02\/narbeuh-avatar.jpg 400w, http:\/\/mondesenchantier.fr\/wp-content\/uploads\/2022\/02\/narbeuh-avatar-300x300.jpg 300w, http:\/\/mondesenchantier.fr\/wp-content\/uploads\/2022\/02\/narbeuh-avatar-150x150.jpg 150w\" sizes=\"auto, (max-width: 400px) 100vw, 400px\" \/><\/figure><\/div>\n\n\n\n<p class=\"has-text-align-justify\">A l&rsquo;origine, il y a maintenant au moins, pfiouiouiou, 17 ans (pinaise !) Mondes en Chantier \u00e9tait un blog bic\u00e9phale partag\u00e9 entre moi-m\u00eame et mon poto David Robert. Tenez, il en reste des ruines <a href=\"http:\/\/mondesenchantier.over-blog.com\/\" target=\"_blank\" rel=\"noreferrer noopener\" title=\"ici\">ici<\/a> et m\u00eame <a href=\"http:\/\/mondesenchantier.eklablog.com\/accueil-c25610400\" target=\"_blank\" rel=\"noreferrer noopener\" title=\"l\u00e0\">l\u00e0<\/a> puisqu&rsquo;on avait d\u00fb au bout d&rsquo;un moment s&rsquo;\u00e9loigner de la plate-forme overblog. <\/p>\n\n\n\n<p class=\"has-text-align-justify\">Comme vous le voyez, ces anciens blogs ne sont plus entretenus depuis pas moins de 5 ans, absorb\u00e9s dans le tourbillon de la vie et surtout, en ce qui me concerne, dans celui du Fix qui remplace peu ou prou (en mieux) ce que je faisais d\u00e9j\u00e0 tout seul dans mon coin sur MeC : donner des infos, partager des coups de c\u0153ur\/coups de gueule, proposer des critiques de jeux, etc. <\/p>\n\n\n\n<div class=\"wp-block-image\"><figure class=\"aligncenter size-full\"><img loading=\"lazy\" decoding=\"async\" width=\"180\" height=\"180\" src=\"http:\/\/mondesenchantier.fr\/wp-content\/uploads\/2021\/06\/HoalBRJfOcDb5sJEUIL2zf8HABg.jpg\" alt=\"\" class=\"wp-image-978\" srcset=\"http:\/\/mondesenchantier.fr\/wp-content\/uploads\/2021\/06\/HoalBRJfOcDb5sJEUIL2zf8HABg.jpg 180w, http:\/\/mondesenchantier.fr\/wp-content\/uploads\/2021\/06\/HoalBRJfOcDb5sJEUIL2zf8HABg-150x150.jpg 150w\" sizes=\"auto, (max-width: 180px) 100vw, 180px\" \/><\/figure><\/div>\n\n\n\n<p>Mais, d\u00e8s l&rsquo;origine, MeC avait aussi \u00e9t\u00e9 con\u00e7u pour regrouper nos diff\u00e9rents travaux et centres d&rsquo;int\u00e9r\u00eats pour nos jeux coups de c\u0153ur de l&rsquo;\u00e9poque : <em>Mal\u00e9fices, R\u00eave de Dragon <\/em>ou encore <em>Empire Galactique<\/em>. Aujourd&rsquo;hui, Mondes en Chantier a repris totalement cette vocation : vous n&rsquo;y trouverez pas d&rsquo;infos sur le monde du JdR ou de critiques de jeux mais<strong> uniquement des informations sur les cr\u00e9ations-maison<\/strong>. Et oui, le petit a bien grandi et on peut d\u00e9sormais remplir un site entier avec tout \u00e7a.<\/p>\n","protected":false},"excerpt":{"rendered":"<p>Mondes en Chantier a pour ambition de faire le point sur mes projets pass\u00e9s et<\/p>\n","protected":false},"author":1,"featured_media":0,"parent":0,"menu_order":0,"comment_status":"closed","ping_status":"closed","template":"","meta":{"_editorskit_title_hidden":false,"_editorskit_reading_time":0,"_editorskit_typography_data":[],"_editorskit_blocks_typography":"","_editorskit_is_block_options_detached":false,"_editorskit_block_options_position":"{}","om_disable_all_campaigns":false,"_monsterinsights_skip_tracking":false,"_monsterinsights_sitenote_active":false,"_monsterinsights_sitenote_note":"","_monsterinsights_sitenote_category":0,"footnotes":""},"class_list":["post-903","page","type-page","status-publish","hentry"],"_links":{"self":[{"href":"http:\/\/mondesenchantier.fr\/index.php?rest_route=\/wp\/v2\/pages\/903","targetHints":{"allow":["GET"]}}],"collection":[{"href":"http:\/\/mondesenchantier.fr\/index.php?rest_route=\/wp\/v2\/pages"}],"about":[{"href":"http:\/\/mondesenchantier.fr\/index.php?rest_route=\/wp\/v2\/types\/page"}],"author":[{"embeddable":true,"href":"http:\/\/mondesenchantier.fr\/index.php?rest_route=\/wp\/v2\/users\/1"}],"replies":[{"embeddable":true,"href":"http:\/\/mondesenchantier.fr\/index.php?rest_route=%2Fwp%2Fv2%2Fcomments&post=903"}],"version-history":[{"count":17,"href":"http:\/\/mondesenchantier.fr\/index.php?rest_route=\/wp\/v2\/pages\/903\/revisions"}],"predecessor-version":[{"id":1708,"href":"http:\/\/mondesenchantier.fr\/index.php?rest_route=\/wp\/v2\/pages\/903\/revisions\/1708"}],"wp:attachment":[{"href":"http:\/\/mondesenchantier.fr\/index.php?rest_route=%2Fwp%2Fv2%2Fmedia&parent=903"}],"curies":[{"name":"wp","href":"https:\/\/api.w.org\/{rel}","templated":true}]}}